{"id":10,"date":"2019-07-17T15:42:50","date_gmt":"2019-07-17T13:42:50","guid":{"rendered":"http:\/\/druk.bauer.pl\/?page_id=10"},"modified":"2023-11-30T16:54:56","modified_gmt":"2023-11-30T15:54:56","slug":"uslugi","status":"publish","type":"page","link":"https:\/\/druk.bauer.pl\/de\/uslugi\/","title":{"rendered":"Leistungen"},"content":{"rendered":"<p><\/p>\n<div class=\"row\">\n<div class=\"col-12 col-md-4 ps-0\">\n<p><img decoding=\"async\" class=\"rounded alignnone size-full wp-image-73\" src=\"http:\/\/druk.bauer.pl\/wp-content\/uploads\/2019\/07\/USLUGI-BAUER.jpg\" alt=\"\" width=\"100%\" \/><\/p>\n<p><img decoding=\"async\" class=\"rounded alignnone size-full wp-image-74\" src=\"http:\/\/druk.bauer.pl\/wp-content\/uploads\/2019\/07\/USLUGI-BAUER-2.jpg\" alt=\"\" width=\"100%\" \/><\/p>\n<\/div>\n<div class=\"col-12 col-md-8\">\n<p>Wir bieten eine\u00a0<strong>breite Palette an Produkten in verschiedenen Formaten und Umf\u00e4ngen<\/strong>\u00a0an.<\/p>\n<p>Mit dem gleichen Engagement und der gleichen Sorgfalt drucken wir einen Werbebogen, eine Brosch\u00fcre, Zeitschrift oder auch einen Katalog und messen der Qualit\u00e4t und der termingerechten Ausf\u00fchrung h\u00f6chste Priorit\u00e4t bei.<\/p>\n<p>Wir sind uns dessen sehr wohl bewusst, wie wichtig dem Kunden das uns zum Druck anvertraute Produkt ist.<\/p>\n<p><strong>Verantwortung und Verl\u00e4sslichkeit<\/strong>\u00a0steht bei uns immer ganz vorn an.<\/p>\n<p>Den Kunden und seinen Erwartungen gegen\u00fcber treten unsere Druckereien auf sehr durchdachte und partnerschaftliche Weise auf und bieten diesen, neben der reinen Druckdienstleistung, auch ein\u00a0<strong>breites Spektrum an Dienstleistungen an, die mit der Vervollst\u00e4ndigung der Produkte, ihrer Personalisierung und logistischen Bearbeitung verbunden sind.<\/strong><\/p>\n<p>Wir gehen \u00fcber die rudiment\u00e4ren Weiterverarbeitungsdienstleistungen hinaus und bieten zus\u00e4tzlich eine Reihe von Leistungen an, die auf der Vervollst\u00e4ndigung der Printprodukte um Werbebeilagen wie etwa CDs, Warenproben und andere Gimmicks beruhen.<\/p>\n<p>&nbsp;<\/p>\n<p><strong>FERNER BIETEN WIR AN:<\/strong><\/p>\n<ul>\n<li>eine breitestverstandene\u00a0<strong>Versandkompletierung<\/strong>, das Einschwei\u00dfen der Einzelexemplare sowie der Pakete in Folie,<\/li>\n<li>das\u00a0<strong>Adressieren der Exemplare<\/strong>\u00a0anhand der vom Kunden bereitgestellten Personendatenbank,<\/li>\n<li>die\u00a0<strong>Auflagenlieferung\u00a0<\/strong>gem\u00e4\u00df der vom Kunden angegebenen Richtlinien und Termine an einen beliebigen Ort in Polen und Europa,<\/li>\n<li><strong>Beratung und Unterst\u00fctzung<\/strong>\u00a0bei der Konzipierung der Printprodukte hinsichtlich ihrer korrekten technischen Vorbereitung und der Kostenoptimierung des Produktionsprozesses,<\/li>\n<li>auf Kundenwunsch die Realisierung von\u00a0<strong>Druckbeilagen<\/strong>\u00a0sowie von Produkten, die in anderen Druckverfahren hergestellt werden, als in denjenigen \u00fcber die unser Konzern verf\u00fcgt,<\/li>\n<\/ul>\n<p>Mittels der Zeitschriften unseres Verlages, die breitestm\u00f6gliche Leserkreise in nahezu allen Segmenten erreichen, sind wir in der Lage, f\u00fcr Kunden aus Polen eine\u00a0<strong>Vermarktungsunterst\u00fctzung<\/strong>\u00a0zu leisten.<\/p>\n<\/div>\n<\/div>\n<p><\/p>","protected":false},"excerpt":{"rendered":"<p>Wir bieten eine\u00a0breite Palette an Produkten in verschiedenen Formaten und Umf\u00e4ngen\u00a0an. Mit dem gleichen Engagement und der gleichen Sorgfalt drucken wir einen Werbebogen, eine Brosch\u00fcre, Zeitschrift oder auch einen Katalog und messen der Qualit\u00e4t und der termingerechten Ausf\u00fchrung h\u00f6chste Priorit\u00e4t bei. Wir sind uns dessen sehr wohl bewusst, wie wichtig dem Kunden das uns zum [&hellip;]<\/p>\n","protected":false},"author":1,"featured_media":194,"parent":0,"menu_order":0,"comment_status":"closed","ping_status":"closed","template":"","meta":{"_acf_changed":false,"inline_featured_image":false,"footnotes":""},"class_list":["post-10","page","type-page","status-publish","has-post-thumbnail","hentry"],"acf":[],"_links":{"self":[{"href":"https:\/\/druk.bauer.pl\/de\/wp-json\/wp\/v2\/pages\/10","targetHints":{"allow":["GET"]}}],"collection":[{"href":"https:\/\/druk.bauer.pl\/de\/wp-json\/wp\/v2\/pages"}],"about":[{"href":"https:\/\/druk.bauer.pl\/de\/wp-json\/wp\/v2\/types\/page"}],"author":[{"embeddable":true,"href":"https:\/\/druk.bauer.pl\/de\/wp-json\/wp\/v2\/users\/1"}],"replies":[{"embeddable":true,"href":"https:\/\/druk.bauer.pl\/de\/wp-json\/wp\/v2\/comments?post=10"}],"version-history":[{"count":5,"href":"https:\/\/druk.bauer.pl\/de\/wp-json\/wp\/v2\/pages\/10\/revisions"}],"predecessor-version":[{"id":217,"href":"https:\/\/druk.bauer.pl\/de\/wp-json\/wp\/v2\/pages\/10\/revisions\/217"}],"wp:featuredmedia":[{"embeddable":true,"href":"https:\/\/druk.bauer.pl\/de\/wp-json\/wp\/v2\/media\/194"}],"wp:attachment":[{"href":"https:\/\/druk.bauer.pl\/de\/wp-json\/wp\/v2\/media?parent=10"}],"curies":[{"name":"wp","href":"https:\/\/api.w.org\/{rel}","templated":true}]}}