{"id":12,"date":"2019-07-17T15:43:00","date_gmt":"2019-07-17T13:43:00","guid":{"rendered":"http:\/\/druk.bauer.pl\/?page_id=12"},"modified":"2026-01-21T11:48:40","modified_gmt":"2026-01-21T10:48:40","slug":"drukarnia-bpc","status":"publish","type":"page","link":"https:\/\/druk.bauer.pl\/de\/drukarnia-bpc\/","title":{"rendered":"DRUCKEREI BPC"},"content":{"rendered":"<p><\/p>\n<div class=\"row\">\n<div class=\"col-xs-12 col-md-6\"><img decoding=\"async\" class=\"alignnone size-full wp-image-53\" src=\"http:\/\/druk.bauer.pl\/wp-content\/uploads\/2019\/07\/drukarnia-bpc.jpg\" alt=\"Drukarnia BPC\" width=\"100%\" \/><\/div>\n<div class=\"col-xs-12 col-md-6\">\n<p><strong>Bauer Print Ciechan\u00f3w Sp. z o.o. Sp. j.<\/strong><br \/>\nul. Niechodzka 25<br \/>\n06-400 Ciechanow<br \/>\ntel. +48 23 673 19 00<br \/>\nfax. +48 23 672 48 71<br \/>\ne-mail: <a href=\"mailto:mariola.pelka@bauer.pl\">mariola.pelka@bauer.pl<\/a><\/p>\n<p><iframe loading=\"lazy\" src=\"https:\/\/maps.google.pl\/maps?daddr=Drukarnia+Bauer+Sp.&amp;hl=pl&amp;sll=52.861958,20.596806&amp;sspn=0.015598,0.042272&amp;geocode=FRmHJgMdQkc6ASGtHmMVxVQtSCltAGR23C4cRzGtHmMVxVQtSA&amp;mra=mr&amp;t=m&amp;ie=UTF8&amp;ll=52.857678,20.595546&amp;spn=0.015599,0.042272&amp;output=embed\" width=\"185\" height=\"150\" frameborder=\"0\" marginwidth=\"0\" marginheight=\"0\" scrolling=\"no\"><\/iframe><\/p>\n<\/div>\n<\/div>\n<div class=\"col-xs-12\">\n<p>Die<strong>\u00a0Druckerei BPC in Ciechan\u00f3w<\/strong>\u00a0wurde im Jahre 1997 in Betrieb genommen. Seitdem wird sie ausdauernd erweitert und modernisiert.<\/p>\n<p><strong>Seit Anfang an ist das technische Profil des Betriebes auf den Druck von<\/strong>\u00a0hochauflagigen Massenzeitschriften- und Publikationen\u00a0<strong>in m\u00f6glichst kurzer Zeit ausgerichtet.<\/strong><\/p>\n<p>Derzeit bedient die Druckerei sowohl<strong>\u00a0die Verlage der Bauer-Gruppe aus Polen und Europa<\/strong>, als auch viele namhafte Kunden von au\u00dferhalb der Verlagsbranche.<\/p>\n<p>Der Betrieb druckt erfolgreich\u00a0<strong>Kataloge, Brosch\u00fcren und Werbebeilagen\u00a0<\/strong>f\u00fcr Kunden, welche die Kombination von<strong>\u00a0hoher<\/strong>\u00a0<strong>Druckqualit\u00e4t\u00a0<\/strong>und kurzen Ausf\u00fchrungsterminen, gekoppelt mit\u00a0<strong>attraktiven Preisen<\/strong>, besonders zu sch\u00e4tzen wissen.<\/p>\n<p><strong>FAKTEN UND ZAHLEN:<\/strong><\/p>\n<ul>\n<li><strong>Die Druckerei entstand im Jahre 1997<\/strong>\u00a0und wurde in den Jahren 2003, 2008, 2012\/13 ausgebaut und modernisiert.<\/li>\n<li>Es ist das\u00a0<strong>zweitgr\u00f6\u00dfte Tiefdruckwerk in Mitteleuropa.<\/strong><\/li>\n<li>Es\u00a0<strong>besch\u00e4ftigt 470 Mitarbeiter.<\/strong><\/li>\n<li>Der Betrieb realisiert<strong>\u00a0j\u00e4hrlich \u00fcber 1.700 Druckauftr\u00e4ge<\/strong>, was wiederum die Herstellung, also sowohl Druck als auch Weiterverarbeitung, von \u00fcber\u00a0<strong>1 Milliarde Exemplaren<\/strong>\u00a0an Zeitschriften, Katalogen und Werbever\u00f6ffentlichungen bedeutet<\/li>\n<li>Der j\u00e4hrliche\u00a0<strong>Papierverbrauch betr\u00e4gt 100.00 Tonnen<\/strong>, der j\u00e4hrliche Farbverbrauch 3.500 Tonnen.<\/li>\n<li>Die Druckerei verf\u00fcgt \u00fcber die Zertifikate<strong>\u00a0ISO 14001 <\/strong>,\u00a0<strong>FSC<\/strong>,\u00a0<strong>DDV<\/strong> (Deutscher Dialogmarketingverband) sowie \u00fcber entsprechende Personendatenschutzzertifikate, PEFC: BVCPL\/PEFC CoC\/23<\/li>\n<\/ul>\n<p><strong>TECHNISCHE AUSSTATTUNG:<\/strong><\/p>\n<p><strong>Druckformherstellung:<\/strong><\/p>\n<ul>\n<li>8 Gravuranlagen<\/li>\n<li>3 Galvaniklinien<\/li>\n<\/ul>\n<p><strong>Druck:<\/strong><\/p>\n<ul>\n<li>6 Tiefdruckrotationen TR 6 \/ TR 7 mit einer maximalen Papierbahnbreite von 2,40 Metern<\/li>\n<\/ul>\n<p><strong>Druckm\u00f6glichkeit in folgenden Formaten:<\/strong><\/p>\n<p>A5, A4 und A3 in Umf\u00e4ngen: (Format A5) von 12 bis 120 Seiten, (Format A4) von 12 bis 96 Seiten (108 Seiten &#8211;\u00a0<span id=\"result_box\" class=\"short_text\" lang=\"de\">dieProdukth\u00f6he\u00a0bis\u00a0261mm<\/span>), (Format A3) von 4 bis 16 Seiten (20 Seiten &#8211;\u00a0<span id=\"result_box\" class=\"short_text\" lang=\"de\">die Breite\u00a0des Produkts zu\u00a0237mm<\/span>) aus einem Druckzylindersatz.<\/p>\n<p><strong>Weiterverarbeitung:<\/strong><\/p>\n<ul>\n<li>10 Sammelhefter<\/li>\n<li>4 Folieranlagen zum Einschwei\u00dfen von einzelnen Exemplaren<\/li>\n<li>2 Inkjetanlagen zur Personalisierung<\/li>\n<\/ul>\n<\/div>\n<p>&nbsp;<\/p>\n<p><strong>Der Unternehmer hat Unterst\u00fctzung im Rahmen des Regierungsprogramms mit dem Titel erhalten: &#8222;Beihilfen f\u00fcr energieintensive Industrien im Zusammenhang mit den Erdgas- und Strompreisen im Jahr 2023&#8220;.<\/strong><\/p>","protected":false},"excerpt":{"rendered":"<p>Bauer Print Ciechan\u00f3w Sp. z o.o. Sp. j. ul. Niechodzka 25 06-400 Ciechanow tel. +48 23 673 19 00 fax. +48 23 672 48 71 e-mail: mariola.pelka@bauer.pl Die\u00a0Druckerei BPC in Ciechan\u00f3w\u00a0wurde im Jahre 1997 in Betrieb genommen. Seitdem wird sie ausdauernd erweitert und modernisiert. Seit Anfang an ist das technische Profil des Betriebes auf den [&hellip;]<\/p>\n","protected":false},"author":1,"featured_media":192,"parent":0,"menu_order":0,"comment_status":"closed","ping_status":"closed","template":"","meta":{"_acf_changed":false,"inline_featured_image":false,"footnotes":""},"class_list":["post-12","page","type-page","status-publish","has-post-thumbnail","hentry"],"acf":[],"_links":{"self":[{"href":"https:\/\/druk.bauer.pl\/de\/wp-json\/wp\/v2\/pages\/12","targetHints":{"allow":["GET"]}}],"collection":[{"href":"https:\/\/druk.bauer.pl\/de\/wp-json\/wp\/v2\/pages"}],"about":[{"href":"https:\/\/druk.bauer.pl\/de\/wp-json\/wp\/v2\/types\/page"}],"author":[{"embeddable":true,"href":"https:\/\/druk.bauer.pl\/de\/wp-json\/wp\/v2\/users\/1"}],"replies":[{"embeddable":true,"href":"https:\/\/druk.bauer.pl\/de\/wp-json\/wp\/v2\/comments?post=12"}],"version-history":[{"count":5,"href":"https:\/\/druk.bauer.pl\/de\/wp-json\/wp\/v2\/pages\/12\/revisions"}],"predecessor-version":[{"id":285,"href":"https:\/\/druk.bauer.pl\/de\/wp-json\/wp\/v2\/pages\/12\/revisions\/285"}],"wp:featuredmedia":[{"embeddable":true,"href":"https:\/\/druk.bauer.pl\/de\/wp-json\/wp\/v2\/media\/192"}],"wp:attachment":[{"href":"https:\/\/druk.bauer.pl\/de\/wp-json\/wp\/v2\/media?parent=12"}],"curies":[{"name":"wp","href":"https:\/\/api.w.org\/{rel}","templated":true}]}}