{"id":14,"date":"2019-07-17T15:43:12","date_gmt":"2019-07-17T13:43:12","guid":{"rendered":"http:\/\/druk.bauer.pl\/?page_id=14"},"modified":"2025-01-02T10:33:42","modified_gmt":"2025-01-02T09:33:42","slug":"drukarnia-bpw","status":"publish","type":"page","link":"https:\/\/druk.bauer.pl\/de\/drukarnia-bpw\/","title":{"rendered":"DRUCKEREI BPW"},"content":{"rendered":"<p><\/p>\n<div class=\"row\">\n<div class=\"col-xs-12 col-md-6\"><img decoding=\"async\" class=\"alignnone size-full wp-image-62\" src=\"http:\/\/druk.bauer.pl\/wp-content\/uploads\/2019\/07\/drukarnia-bpw.jpg\" alt=\"\" width=\"100%\" \/><\/div>\n<div class=\"col-xs-12 col-md-6\">\n<p><strong>Bauer Print Wykroty Sp. z o.o., sp. j.\u200b<\/strong><br \/>\nul. Wyzwolenia 54,Wykroty<br \/>\n59-730 Nowogrodziec<br \/>\ntel. +48 75 735 08 88<br \/>\nfax +48 75 735 08 89<br \/>\ne-mail: <a href=\"mailto:info-bpw@bauer.pl\">info-bpw@bauer.pl<\/a><\/p>\n<p><iframe loading=\"lazy\" src=\"https:\/\/maps.google.pl\/maps?daddr=Drukarnia+Bauer+Sp.&amp;hl=pl&amp;sll=52.861958,20.596806&amp;sspn=0.015598,0.042272&amp;geocode=FRmHJgMdQkc6ASGtHmMVxVQtSCltAGR23C4cRzGtHmMVxVQtSA&amp;mra=mr&amp;t=m&amp;ie=UTF8&amp;ll=52.857678,20.595546&amp;spn=0.015599,0.042272&amp;output=embed\" width=\"185\" height=\"150\" frameborder=\"0\" marginwidth=\"0\" marginheight=\"0\" scrolling=\"no\"><\/iframe><\/p>\n<\/div>\n<\/div>\n<div class=\"col-xs-12\">\n<p>Die\u00a0<strong>Druckerei BPW\u00a0in Wykroty<\/strong>\u00a0ist das modernste Tiefdruckwerk in Europa.<\/p>\n<p>Die im Jahre 2006 in Betrieb genommene Druckerei hat bis heute schon\u00a0<strong>zwei Ausbau- und Modernisierungsphasen miterlebt<\/strong>.<\/p>\n<p>Heutzutage arbeiten bei BPW\u00a0<strong>vier Tiefdruckrotationen<\/strong>, die eine Papierbahnbreite bis zu 3,68 Meter einzusetzen erm\u00f6glichen.<\/p>\n<p>Jede der bei BPW\u00a0vorhandenen Druckmaschinen kann aus einer Zylinderumdrehung\u00a0<strong>192 Seiten im A4 Format ausdrucken oder selbst 224 Seiten in einem kleineren, \u00e4hnlich dem A5 Format.<\/strong><\/p>\n<p>So gro\u00dfe Seitenumf\u00e4nge sind dank der schon erw\u00e4hnten, beeindruckenden Rollenbreite umsetzbar, dar\u00fcber hinaus auch aufgrund des weltweit einzigartig gro\u00dfen Druckzylinderumfangs selbst.<\/p>\n<p>Die Rotationen bei BPW\u00a0sind in der Lage aus Zylindern mit bis zu 2,0 Meter Umfang zu drucken, auf denen bis zu 8 Seiten liegen.\u00a0 Dies, verbunden mit einer Druckgeschwindigkeit bis zu 57.000 Umdrehungen pro Stunde erm\u00f6glicht das Erreichen einer bewundernswerten Druckkapazit\u00e4t.<\/p>\n<p>F\u00fcr unsere Kunden bedeutet diese Technologie eine\u00a0<strong>kurze Druckzeit auch im Falle auflagenst\u00e4rkster Produkte<\/strong>.<\/p>\n<p>Modernste Technologien finden sich auch in anderen Produktionsabteilungen bei BPW\u00a0wieder.<\/p>\n<p>In der Druckformherstellungsabteilung werden die Zylinder mittels Laserstrahlen, sowie elektromechanisch graviert.<\/p>\n<p>Auch die Weiterverarbeitungsabteilung ist mit den schnellsten und vielseitigsten auf dem Markt angebotenen Anlagen zum Heften und Kleben der Druckerzeugnisse ausgestattet.<\/p>\n<p>&nbsp;<\/p>\n<p><strong>FAKTEN UND ZAHLEN:<\/strong><\/p>\n<ul>\n<li>Die Druckerei entstand im Jahre 2006 und wurde 2007 und 2012 ausgebaut.<\/li>\n<li>Sie ist das gr\u00f6\u00dfte Tiefdruckwerk in Mitteleuropa.<\/li>\n<li>Der Anstellungsbestand betr\u00e4gt 430 Mitarbeiter.<\/li>\n<li>Der Betrieb bewerkstelligt j\u00e4hrlich \u00fcber 1.400 Druckauftr\u00e4ge, was wiederum die Herstellung, also sowohl Druck als auch Weiterverarbeitung, von \u00fcber 800 Millionen Exemplaren an Zeitschriften und Katalogen bedeutet<\/li>\n<li>Der j\u00e4hrliche Papierverbrauch betr\u00e4gt 150.000 Tonnen und der Farbverbrauch 4.500 Tonnen<\/li>\n<li>Die Druckerei verf\u00fcgt \u00fcber die Zertifikate ISO 14001, FSC (Forest Stewardship Council), DDV (Deutscher Dialogmarketing Verband), Pressepost &amp; Dialogpost DP AG 2023 PEFC (Programme for the Endorsement of Forest Certification), BVPL\/PEFC CoC\/000024<\/li>\n<\/ul>\n<p>&nbsp;<\/p>\n<p><strong>TECHNISCHE AUSSTATTUNG:<\/strong><\/p>\n<p><strong>Druckformherstellung:<\/strong><\/p>\n<ul>\n<li>5 Gravuranlagen<\/li>\n<li>3 Galvaniklinien<\/li>\n<li>vollautomatisches Zylinderlagerungs- und Transportsystem<\/li>\n<\/ul>\n<p><strong>Druck:<\/strong><\/p>\n<ul>\n<li>4 Tiefdruckrotationen KBA TR 10B mit einer Rollenbreite von 3,68 Metern von denen jede mit zwei Falzapparaten mit jeweils drei Auslagen ausgestattet ist (sechs Auslagen bei jeder Maschine).<\/li>\n<li>Druckm\u00f6glichkeit in folgenden Formate: A5 und A4<\/li>\n<li>in den Umf\u00e4ngen von 16 bis 192 Seiten (A4 Format) oder bis zu 224 Seiten (A5 Format) aus einer Zylinderumdrehung<\/li>\n<li>weltweit einzigartige 8 U-Technologie (8 liegende Seiten auf dem Zylinderumfang)<\/li>\n<\/ul>\n<p><strong>Weiterverarbeitung;<\/strong><\/p>\n<ul>\n<li>11 Sammelhefter<\/li>\n<li>3 moderne und leistungsstarke Klebebinder<\/li>\n<\/ul>\n<\/div>\n<p><\/p>","protected":false},"excerpt":{"rendered":"<p>Bauer Print Wykroty Sp. z o.o., sp. j.\u200b ul. Wyzwolenia 54,Wykroty 59-730 Nowogrodziec tel. +48 75 735 08 88 fax +48 75 735 08 89 e-mail: info-bpw@bauer.pl Die\u00a0Druckerei BPW\u00a0in Wykroty\u00a0ist das modernste Tiefdruckwerk in Europa. Die im Jahre 2006 in Betrieb genommene Druckerei hat bis heute schon\u00a0zwei Ausbau- und Modernisierungsphasen miterlebt. Heutzutage arbeiten bei BPW\u00a0vier [&hellip;]<\/p>\n","protected":false},"author":1,"featured_media":191,"parent":0,"menu_order":0,"comment_status":"closed","ping_status":"closed","template":"","meta":{"_acf_changed":false,"inline_featured_image":false,"footnotes":""},"class_list":["post-14","page","type-page","status-publish","has-post-thumbnail","hentry"],"acf":[],"_links":{"self":[{"href":"https:\/\/druk.bauer.pl\/de\/wp-json\/wp\/v2\/pages\/14","targetHints":{"allow":["GET"]}}],"collection":[{"href":"https:\/\/druk.bauer.pl\/de\/wp-json\/wp\/v2\/pages"}],"about":[{"href":"https:\/\/druk.bauer.pl\/de\/wp-json\/wp\/v2\/types\/page"}],"author":[{"embeddable":true,"href":"https:\/\/druk.bauer.pl\/de\/wp-json\/wp\/v2\/users\/1"}],"replies":[{"embeddable":true,"href":"https:\/\/druk.bauer.pl\/de\/wp-json\/wp\/v2\/comments?post=14"}],"version-history":[{"count":5,"href":"https:\/\/druk.bauer.pl\/de\/wp-json\/wp\/v2\/pages\/14\/revisions"}],"predecessor-version":[{"id":273,"href":"https:\/\/druk.bauer.pl\/de\/wp-json\/wp\/v2\/pages\/14\/revisions\/273"}],"wp:featuredmedia":[{"embeddable":true,"href":"https:\/\/druk.bauer.pl\/de\/wp-json\/wp\/v2\/media\/191"}],"wp:attachment":[{"href":"https:\/\/druk.bauer.pl\/de\/wp-json\/wp\/v2\/media?parent=14"}],"curies":[{"name":"wp","href":"https:\/\/api.w.org\/{rel}","templated":true}]}}