{"id":30,"date":"2019-07-18T11:42:48","date_gmt":"2019-07-18T09:42:48","guid":{"rendered":"http:\/\/druk.bauer.pl\/?page_id=30"},"modified":"2022-06-28T14:46:30","modified_gmt":"2022-06-28T12:46:30","slug":"polityka-prywatnosci-2","status":"publish","type":"page","link":"https:\/\/druk.bauer.pl\/de\/polityka-prywatnosci-2\/","title":{"rendered":"Datenschutzerkl\u00e4rung"},"content":{"rendered":"<p><\/p>\n<div><strong>Polityka prywatno\u015bci druk.bauer.pl<\/strong><\/div>\n<div><\/div>\n<div>Podanie danych osobowych, a tak\u017ce zgoda na ich przetwarzanie s\u0105 ca\u0142kowicie dobrowolne. Wszelkie przekazane nam dane osobowe s\u0105 przetwarzane wy\u0142\u0105cznie w zakresie i celu, na jaki wyrazi\u0142e\u015b zgod\u0119. W przypadku, gdy postanowisz jednak nie podawa\u0107 nam danych i nie wyrazisz zgody na ich przetwarzanie, niestety nie b\u0119dziemy mogli Ci zagwarantowa\u0107 dost\u0119pu do wszystkich funkcji <a href=\"http:\/\/druk.bauer.pl\">druk.bauer.pl<\/a>.<\/div>\n<div><\/div>\n<div>Prosimy, aby\u015b pami\u0119ta\u0142, \u017ce w ka\u017cdej chwili masz prawo do aktualizacji lub ca\u0142kowitego usuni\u0119cia swoich danych osobowych. Mo\u017cesz to zrobi\u0107 samodzielnie, jak i korzystaj\u0105c z naszej pomocy, kt\u00f3rej ch\u0119tnie udzielimy.<\/div>\n<div><\/div>\n<div>Zapewniamy Ci\u0119, \u017ce nasza firma przestrzega restryktywnej polityki bezpiecze\u0144stwa danych osobowych. Twoje dane osobowe s\u0105 u nas bezpieczne i dok\u0142adamy wszelkich stara\u0144, aby poziom ten z roku na rok by\u0142 coraz wy\u017cszy. Wierzymy, \u017ce zapoznanie si\u0119 z nasz\u0105 polityk\u0105 prywatno\u015bci pozwoli Ci poczu\u0107 si\u0119 bezpiecznie i cieszy\u0107 z korzystania z\u00a0<a href=\"http:\/\/druk.bauer.pl\">druk.bauer.pl<\/a>.<\/div>\n<div><\/div>\n<div><strong>I. Kto jest administratorem danych osobowych druk.bauer.pl?<\/strong><\/div>\n<div><\/div>\n<div>Administratorem danych osobowych\u00a0<a href=\"http:\/\/druk.bauer.pl\">druk.bauer.pl<\/a>\u00a0(dalej Administrator), czyli odpowiedzialnym za zapewnienie bezpiecze\u0144stwa Twoim danym osobowym jest:<\/div>\n<div>Wydawnictwo Bauer Sp. J.<\/div>\n<div>Ul. Motorowa 1<\/div>\n<div>04-035 Warszawa<\/div>\n<div>NIP: 527-26-44-323<\/div>\n<div>REGON: 142734203<\/div>\n<div><\/div>\n<div><strong>II. Jak chronimy Twoje dane osobowe?<\/strong><\/div>\n<div><\/div>\n<div>Administrator wdro\u017cy\u0142 w\u00a0<a href=\"http:\/\/druk.bauer.pl\">druk.bauer.pl<\/a>\u00a0polityk\u0119 bezpiecze\u0144stwa danych osobowych i polityk\u0119 bezpiecze\u0144stwa systemu IT, kt\u00f3re zapewniaj\u0105 skuteczn\u0105 ochron\u0119 Twoich danych osobowych.<\/div>\n<div>Do najwa\u017cniejszych element\u00f3w systemu ochrony danych osobowych nale\u017c\u0105:<\/div>\n<div><\/div>\n<div><strong>A. <\/strong>Dost\u0119p do Twoich danych osobowych, maj\u0105 tylko ci pracownicy\u00a0<a href=\"http:\/\/druk.bauer.pl\">druk.bauer.pl<\/a>, kt\u00f3rzy zostali przeszkoleni zgodnie z polityk\u0105 bezpiecze\u0144stwa danych osobowych i podpisali stosowne zobowi\u0105zania zobowi\u0105zuj\u0105ce ich do ochrony.<\/div>\n<div><\/div>\n<div><strong>B.<\/strong> System IT\u00a0<a href=\"http:\/\/druk.bauer.pl\">druk.bauer.pl<\/a>\u00a0spe\u0142nia wszelkie standardy ochrony danych osobowych.<\/div>\n<div>Zastosowano \u015brodki techniczne i organizacyjne zapewniaj\u0105ce ochron\u0119 przetwarzanych danych zgodne z wymaganiami okre\u015blonymi w przepisach o ochronie danych osobowych, w tym rozporz\u0105dzenia Ministra Spraw Wewn\u0119trznych i Administracji z dnia 29 kwietnia 2004 r. w sprawie dokumentacji przetwarzania danych osobowych oraz warunk\u00f3w technicznych i organizacyjnych, jakim powinny odpowiada\u0107 urz\u0105dzenia i systemy informatyczne s\u0142u\u017c\u0105ce do przetwarzania danych osobowych (Dz. U. Nr 100, poz. 1024) oraz wytycznymi Generalnego Inspektora Ochrony Danych Osobowych.<\/div>\n<div><\/div>\n<div>Administrator dope\u0142ni\u0142 wszelkich prawem przewidzianych obowi\u0105zk\u00f3w w zakresie ochrony danych osobowych.<\/div>\n<div><\/div>\n<div><strong>III. Dlaczego i o jakie Twoje dane osobowe prosimy?<\/strong><\/div>\n<div><\/div>\n<div><strong>A. Subskrypcja newslettera<\/strong><\/div>\n<div><\/div>\n<div>W przypadku subskrypcji newslettera oraz wyra\u017cenia zgody na jego otrzymywanie w procesie rejestracji prosimy jedynie o podanie adresu e-mail, na kt\u00f3ry przesy\u0142ane b\u0119d\u0119 informacje od Administratora, z kt\u00f3rych w ka\u017cdej chwili mo\u017cesz zrezygnowa\u0107 klikaj\u0105c link anuluj\u0105cy subskrypcj\u0119 \u00a0znajduj\u0105cy si\u0119 w stopce ka\u017cdego newslettera.<\/div>\n<div><\/div>\n<div>Dane podane w trakcie subskrypcji newslettera s\u0105 przetwarzane przez\u00a0<a href=\"http:\/\/druk.bauer.pl\">druk.bauer.pl<\/a><\/div>\n<div><\/div>\n<div><strong>IV. Cookies &#8211; Twoje dane osobowe, kt\u00f3re pobierane s\u0105 automatycznie po wej\u015bciu na druk.bauer.pl<\/strong><\/div>\n<div><\/div>\n<div>Pliki cookies (tzw. \u201eciasteczka\u201d) stanowi\u0105 dane informatyczne, w szczeg\u00f3lno\u015bci pliki tekstowe, kt\u00f3re przechowywane s\u0105 w urz\u0105dzeniu ko\u0144cowym u\u017cytkownika\u00a0<a href=\"http:\/\/druk.bauer.pl\">druk.bauer.pl<\/a><a href=\"http:\/\/reklama.bauer.pl\">.<\/a><\/div>\n<div><\/div>\n<div>W ramach\u00a0<a href=\"http:\/\/druk.bauer.pl\">druk.bauer.pl<\/a>\u00a0stosowane s\u0105 dwa zasadnicze rodzaje plik\u00f3w cookies: \u201esesyjne\u201d (session cookies) oraz \u201esta\u0142e\u201d (persistent cookies). Cookies \u201esesyjne\u201d s\u0105 plikami tymczasowymi, kt\u00f3re przechowywane s\u0105 w urz\u0105dzeniu ko\u0144cowym u\u017cytkownika do czasu wylogowania, opuszczenia strony internetowej lub wy\u0142\u0105czenia oprogramowania (przegl\u0105darki internetowej). \u201eSta\u0142e\u201d pliki cookies przechowywane s\u0105 w urz\u0105dzeniu ko\u0144cowym U\u017cytkownika przez czas okre\u015blony w parametrach plik\u00f3w cookies lub do czasu ich usuni\u0119cia przez U\u017cytkownika.<\/div>\n<div><\/div>\n<div>W ramach\u00a0<a href=\"http:\/\/druk.bauer.pl\">druk.bauer.pl<\/a>\u00a0stosowane s\u0105 nast\u0119puj\u0105ce rodzaje plik\u00f3w cookies:<\/div>\n<ul>\n<li>\u201eniezb\u0119dne\u201d pliki cookies, umo\u017cliwiaj\u0105ce korzystanie z us\u0142ug dost\u0119pnych w ramach\u00a0<a href=\"http:\/\/druk.bauer.pl\">druk.bauer.pl<\/a>; np. uwierzytelniaj\u0105ce pliki cookies wykorzystywane do us\u0142ug wymagaj\u0105cych uwierzytelniania; pliki cookies s\u0142u\u017c\u0105ce do zapewnienia bezpiecze\u0144stwa, np. wykorzystywane do wykrywania nadu\u017cy\u0107 w zakresie uwierzytelniania w ramach\u00a0<a href=\"http:\/\/druk.bauer.pl\">druk.bauer.pl<\/a>;<\/li>\n<li>\u201ewydajno\u015bciowe\u201d pliki cookies, umo\u017cliwiaj\u0105ce zbieranie informacji o sposobie korzystania ze stron internetowych\u00a0<a href=\"http:\/\/druk.bauer.pl\">druk.bauer.pl<\/a>;<\/li>\n<li>\u201efunkcjonalne\u201d pliki cookies, umo\u017cliwiaj\u0105ce \u201ezapami\u0119tanie\u201d wybranych przez U\u017cytkownika ustawie\u0144 i personalizacj\u0119 interfejsu\u00a0<a href=\"http:\/\/druk.bauer.pl\">druk.bauer.pl<\/a>;<\/li>\n<li>\u201ereklamowe\u201d pliki cookies, umo\u017cliwiaj\u0105ce dostarczanie U\u017cytkownikom tre\u015bci reklamowych bardziej dostosowanych do ich zainteresowa\u0144.<\/li>\n<\/ul>\n<div>W wielu przypadkach oprogramowanie s\u0142u\u017c\u0105ce do przegl\u0105dania stron internetowych (przegl\u0105darka internetowa) domy\u015blnie dopuszcza przechowywanie plik\u00f3w cookies w urz\u0105dzeniu ko\u0144cowym u\u017cytkownika.<\/div>\n<div>U\u017cytkownicy\u00a0<a href=\"http:\/\/druk.bauer.pl\">druk.bauer.pl<\/a>\u00a0mog\u0105 dokona\u0107 w ka\u017cdym czasie zmiany ustawie\u0144 dotycz\u0105cych plik\u00f3w cookies. Ustawienia te mog\u0105 zosta\u0107 zmienione w szczeg\u00f3lno\u015bci w taki spos\u00f3b, aby blokowa\u0107 automatyczn\u0105 obs\u0142ug\u0119 plik\u00f3w cookies w ustawieniach przegl\u0105darki internetowej b\u0105d\u017a informowa\u0107 o ich ka\u017cdorazowym zamieszczeniu w urz\u0105dzeniu U\u017cytkownika\u00a0<a href=\"http:\/\/druk.bauer.pl\">druk.bauer.pl<\/a>. Szczeg\u00f3\u0142owe informacje o mo\u017cliwo\u015bci i sposobach obs\u0142ugi plik\u00f3w cookies dost\u0119pne s\u0105 w ustawieniach oprogramowania przegl\u0105darki internetowej.<\/div>\n<div><\/div>\n<div><strong>A. druk.bauer.pl (serwer)<\/strong><\/div>\n<div><\/div>\n<div>System informatyczny, z kt\u00f3rego korzysta\u00a0<a href=\"http:\/\/druk.bauer.pl\">druk.bauer.pl<\/a>\u00a0automatycznie gromadzi w logach dane zwi\u0105zane z urz\u0105dzeniem, z kt\u00f3rego korzystasz \u0142\u0105cz\u0105c si\u0119 z\u00a0<a href=\"http:\/\/druk.bauer.pl\">druk.bauer.pl<\/a>. Dane te gromadzone s\u0105 jedynie w celach statystycznych i dotycz\u0105: typu urz\u0105dzenia, systemu operacyjnego, rodzaju przegl\u0105darki internetowej, rozdzielczo\u015bci ekranu, g\u0142\u0119bi kolor\u00f3w, IP, dostawcy us\u0142ug internetowych, czy adres wej\u015bcia na\u00a0<a href=\"http:\/\/druk.bauer.pl\">druk.bauer.pl<\/a>\u00a0i s\u0105 wykorzystywane jedynie w procesie optymalizacji\u00a0<a href=\"http:\/\/druk.bauer.pl\">druk.bauer.pl<\/a>\u00a0w celu zapewnienia jak najwi\u0119kszej wygody korzystania.<\/div>\n<div><\/div>\n<div>Dane te nie s\u0105 nigdy \u0142\u0105czone z danymi podanymi, o kt\u00f3rych mowa w III cz\u0119\u015bci i stanowi\u0105 jedynie materia\u0142 do analizy statystycznej i mechanizm\u00f3w korygowania b\u0142\u0119d\u00f3w systemowych.<\/div>\n<div><\/div>\n<div><strong>B. druk.bauer.pl (cookies)<\/strong><\/div>\n<div><\/div>\n<div><a href=\"http:\/\/druk.bauer.pl\">druk.bauer.pl<\/a>\u00a0wykorzystuje technologi\u0119 \u201ecookies\u201d, czyli plik\u00f3w tekstowych umieszczanych na Twoim urz\u0105dzeniu, w celu umo\u017cliwienia\u00a0<a href=\"http:\/\/druk.bauer.pl\">druk.bauer.pl<\/a>\u00a0rozpoznania Ciebie i dostosowania\u00a0<a href=\"http:\/\/druk.bauer.pl\">druk.bauer.pl<\/a>\u00a0do Twoich potrzeb.<\/div>\n<div><a href=\"http:\/\/druk.bauer.pl\">druk.bauer.pl<\/a>\u00a0wykorzystuje cookies do:<\/div>\n<ol>\n<li>zapami\u0119tania zalogowania;<\/li>\n<li>zapami\u0119tania Twoich preferencji wy\u015bwietlania\u00a0<a href=\"http:\/\/druk.bauer.pl\">druk.bauer.pl<\/a>;<\/li>\n<li>tworzenia statystyk i raport\u00f3w ogl\u0105dalno\u015bci funkcjonowania\u00a0<a href=\"http:\/\/druk.bauer.pl\">druk.bauer.pl<\/a>.<\/li>\n<\/ol>\n<div>Je\u017celi nie zgadzasz si\u0119 na umieszczanie na swoim urz\u0105dzeniu plik\u00f3w cookies mo\u017cesz zablokowa\u0107 ich umieszczenie odpowiednio konfiguruj\u0105c swoja przegl\u0105dark\u0119 internetow\u0105. Informacje jak to zrobi\u0107 znajdziesz w plikach pomocy swojej przegl\u0105darki internetowej. Niestety, w przypadku zablokowania plik\u00f3w cookies pochodz\u0105cych z\u00a0<a href=\"http:\/\/druk.bauer.pl\">druk.bauer.pl<\/a>\u00a0nie mo\u017cemy zagwarantowa\u0107 jego poprawnego dzia\u0142ania.<\/div>\n<div><\/div>\n<div>Je\u017celi zgadzasz si\u0119 na umieszczanie na swoim urz\u0105dzeniu plik\u00f3w cookies, ale po zako\u0144czeniu odwiedzin w\u00a0<a href=\"http:\/\/druk.bauer.pl\">druk.bauer.pl<\/a>\u00a0chcia\u0142by\u015b je skasowa\u0107, mo\u017cesz to zrobi\u0107 bez ryzyka. Informacj\u0119 o tym, jak to zrobi\u0107, znajdziesz w plikach pomocy swojej przegl\u0105darki internetowej.<\/div>\n<div><\/div>\n<div><strong>C. Google Analytics (cookies)<\/strong><\/div>\n<div><\/div>\n<div>Google Analytics wykorzystuje technologi\u0119 \u201ecookies\u201d, czyli plik\u00f3w tekstowych umieszczanych na Twoim urz\u0105dzeniu, w celu umo\u017cliwienia przeanalizowania przez\u00a0<a href=\"http:\/\/druk.bauer.pl\">druk.bauer.pl<\/a>\u00a0\u017ar\u00f3de\u0142 ruchu i sposobu, w jaki odwiedzaj\u0105cy korzystaj\u0105 z niego.<\/div>\n<div>Google gromadzi na swoich serwerach dane pozyskane z umieszczania na urz\u0105dzeniach plik\u00f3w cookies i korzysta z tych informacji w celu tworzenia raport\u00f3w i \u015bwiadczenia innych us\u0142ug zwi\u0105zanych z ruchem i korzystaniem z internetu.<\/div>\n<div>Google mo\u017ce r\u00f3wnie\u017c przekazywa\u0107 te informacje osobom trzecim, je\u017celi b\u0119dzie zobowi\u0105zana to uczyni\u0107 na podstawie przepis\u00f3w prawa lub w przypadku, gdy osoby te przetwarzaj\u0105 takie informacje w imieniu Google.<\/div>\n<div><\/div>\n<div>Dane te nie s\u0105 nigdy \u0142\u0105czone z danymi podanymi, o kt\u00f3rych mowa w III cz\u0119\u015bci i stanowi\u0105 jedynie materia\u0142 do analizy statystycznej i mechanizm\u00f3w korygowania b\u0142\u0119d\u00f3w systemowych.<\/div>\n<div><\/div>\n<div>Je\u017celi nie zgadzasz si\u0119 na umieszczanie na swoim urz\u0105dzeniu plik\u00f3w cookies mo\u017cesz zablokowa\u0107 ich umieszczenie odpowiednio konfiguruj\u0105c swoja przegl\u0105dark\u0119 internetow\u0105. Informacje jak to zrobi\u0107 znajdziesz w plikach pomocy swojej przegl\u0105darki internetowej. Niestety, w przypadku zablokowania plik\u00f3w cookies Google nie mo\u017cemy zagwarantowa\u0107 poprawnego dzia\u0142ania\u00a0<a href=\"http:\/\/druk.bauer.pl\">druk.bauer.pl<\/a>.<\/div>\n<div><\/div>\n<div>Je\u017celi zgadzasz si\u0119 na umieszczanie na swoim urz\u0105dzeniu plik\u00f3w cookies Google, ale po zako\u0144czeniu odwiedzin w\u00a0<a href=\"http:\/\/druk.bauer.pl\">druk.bauer.pl<\/a>\u00a0chcia\u0142by\u015b je skasowa\u0107, mo\u017cesz to zrobi\u0107 bez ryzyka. Informacj\u0119 o tym, jak to zrobi\u0107, znajdziesz w plikach pomocy swojej przegl\u0105darki internetowej.<\/div>\n<div><\/div>\n<div><strong>D. Google AdWords\/AdSense (cookies)<\/strong><\/div>\n<div><\/div>\n<div>Google AdWords\/AdSense wykorzystuje technologi\u0119 \u201ecookies\u201d, czyli plik\u00f3w tekstowych umieszczanych na Twoim urz\u0105dzeniu, w celu umo\u017cliwienia przez\u00a0<a href=\"http:\/\/druk.bauer.pl\">druk.bauer.pl<\/a>\u00a0oceny poprawno\u015bci i skuteczno\u015bci prowadzonej dzia\u0142alno\u015bci reklamowej z wykorzystaniem sieci AdWords\/AdSense.<\/div>\n<div><\/div>\n<div>Google gromadzi na swoich serwerach dane pozyskane z umieszczania na urz\u0105dzeniach plik\u00f3w cookies i korzysta z tych informacji w celu tworzenia raport\u00f3w i \u015bwiadczenia innych us\u0142ug zwi\u0105zanych z ruchem i korzystaniem z internetu.<\/div>\n<div><\/div>\n<div>Google mo\u017ce r\u00f3wnie\u017c przekazywa\u0107 te informacje osobom trzecim, je\u017celi b\u0119dzie zobowi\u0105zana to uczyni\u0107 na podstawie przepis\u00f3w prawa lub w przypadku, gdy osoby te przetwarzaj\u0105 takie informacje w imieniu Google.<\/div>\n<div><\/div>\n<div>Dane te nie s\u0105 nigdy \u0142\u0105czone z danymi podanymi, o kt\u00f3rych mowa w III cz\u0119\u015bci i stanowi\u0105 jedynie materia\u0142 do analizy statystycznej i mechanizm\u00f3w korygowania b\u0142\u0119d\u00f3w systemowych.<\/div>\n<div><\/div>\n<div>Je\u017celi nie zgadzasz si\u0119 na umieszczanie na swoim urz\u0105dzeniu plik\u00f3w cookies mo\u017cesz zablokowa\u0107 ich umieszczenie odpowiednio konfiguruj\u0105c swoja przegl\u0105dark\u0119 internetow\u0105. Informacje jak to zrobi\u0107 znajdziesz w plikach pomocy swojej przegl\u0105darki internetowej. Niestety w przypadku zablokowania plik\u00f3w cookies Google nie mo\u017cemy zagwarantowa\u0107 poprawnego dzia\u0142ania\u00a0<a href=\"http:\/\/druk.bauer.pl\">druk.bauer.pl<\/a>.<\/div>\n<div><\/div>\n<div>Je\u017celi zgadzasz si\u0119 na umieszczanie na swoim urz\u0105dzeniu plik\u00f3w cookies Google, ale po zako\u0144czeniu odwiedzin w\u00a0<a href=\"http:\/\/druk.bauer.pl\">druk.bauer.pl<\/a>\u00a0chcia\u0142by\u015b je skasowa\u0107, mo\u017cesz to zrobi\u0107 bez ryzyka. Informacj\u0119 o tym, jak to zrobi\u0107, znajdziesz w plikach pomocy swojej przegl\u0105darki internetowej.<\/div>\n<div><\/div>\n<div><strong>E. Cookies pochodz\u0105ce z serwer\u00f3w partner\u00f3w druk.bauer.pl<\/strong><\/div>\n<div><\/div>\n<div><a href=\"http:\/\/druk.bauer.pl\">druk.bauer.pl<\/a>\u00a0korzysta ze skrypt\u00f3w i element\u00f3w oprogramowania dostarczonych i znajduj\u0105cych si\u0119 na serwerach jej partner\u00f3w biznesowych. Cookie takie mog\u0105 zawiera\u0107 dane niezb\u0119dne partnerowi do realizacji us\u0142ugi dostarczanej\u00a0<a href=\"http:\/\/druk.bauer.pl\">druk.bauer.pl<\/a>\u00a0lub zawieraj\u0105ce inne ni\u017c wymienione w polityce prywatno\u015bci dane.<\/div>\n<div><a href=\"http:\/\/druk.bauer.pl\">druk.bauer.pl<\/a>\u00a0bardzo starannie dobiera swoich partner\u00f3w biznesowych nie odpowiada jednak za ich polityk\u0119 w zakresie cookies. Dlatego zalecamy weryfikacj\u0119 ka\u017cdego z naszych partner\u00f3w w zakresie w\u0142asnym i samodzielne podj\u0119cie decyzji, czy chcesz akceptowa\u0107 ich cookies.<\/div>\n<div><a href=\"http:\/\/druk.bauer.pl\">druk.bauer.pl<\/a>\u00a0wykorzystuje skrypty nast\u0119puj\u0105cych partner\u00f3w:<\/div>\n<div>a. Google<\/div>\n<div>b. Facebook<\/div>\n<div><\/div>\n<div>Je\u017celi nie zgadzasz si\u0119 na umieszczanie na swoim urz\u0105dzeniu plik\u00f3w cookies mo\u017cesz zablokowa\u0107 ich umieszczenie odpowiednio konfiguruj\u0105c swoja przegl\u0105dark\u0119 internetow\u0105. Informacje jak to zrobi\u0107 znajdziesz w plikach pomocy swojej przegl\u0105darki internetowej. Niestety, w przypadku zablokowania plik\u00f3w cookies Google nie mo\u017cemy zagwarantowa\u0107 poprawnego dzia\u0142ania\u00a0<a href=\"http:\/\/druk.bauer.pl\">druk.bauer.pl<\/a>.<\/div>\n<div><\/div>\n<div>Je\u017celi zgadzasz si\u0119 na umieszczanie na swoim urz\u0105dzeniu plik\u00f3w cookies Google, ale po zako\u0144czeniu odwiedzin w\u00a0<a href=\"http:\/\/druk.bauer.pl\">druk.bauer.pl<\/a>\u00a0chcia\u0142by\u015b je skasowa\u0107, mo\u017cesz to zrobi\u0107 bez ryzyka. Informacj\u0119 o tym, jak to zrobi\u0107, znajdziesz w plikach pomocy swojej przegl\u0105darki internetowej.<\/div>\n<div><\/div>\n<div><strong>V. Polityka prywatno\u015bci bezpiecze\u0144stwa partner\u00f3w druk.bauer.pl<\/strong><\/div>\n<div><\/div>\n<div><a href=\"http:\/\/druk.bauer.pl\">druk.bauer.pl<\/a>\u00a0bardzo starannie dobiera swoich partner\u00f3w biznesowych i r\u00f3wnie starannie weryfikuje zamieszczanie w\u00a0<a href=\"http:\/\/druk.bauer.pl\">druk.bauer.pl<\/a>\u00a0linki do innych stron internetowych.\u00a0<a href=\"http:\/\/druk.bauer.pl\">druk.bauer.pl<\/a>\u00a0nie odpowiada jednak za standard i polityk\u0119 ochrony prywatno\u015bci stosowan\u0105 przez w\u0142a\u015bcicieli, operator\u00f3w czy administrator\u00f3w tych stron. Dlatego zalecamy weryfikacj\u0119 ka\u017cdego z naszych partner\u00f3w w zakresie w\u0142asnym i samodzielne podj\u0119cie decyzji, czy chcesz powierzy\u0107 im Twoje dane osobowe.<\/div>\n<div><\/div>\n<div><strong>VI. Udost\u0119pnianie Twoich danych osobowych<\/strong><\/div>\n<div><\/div>\n<div>W szczeg\u00f3lnych sytuacjach, w kt\u00f3rych obowi\u0105zuj\u0105ce prawo nakazuje administratorowi udost\u0119pnienie zebranych danych organom pa\u0144stwowym,\u00a0<a href=\"http:\/\/druk.bauer.pl\">druk.bauer.pl<\/a>\u00a0dane takie udost\u0119pni. Za wyj\u0105tkiem tych sytuacji, Twoje dane osobowe b\u0119d\u0105 ujawnianie wy\u0142\u0105cznie w zakresie, celu i podmiotom wymienionym w niniejszej polityce prywatno\u015bci.<\/div>\n<div><\/div>\n<div><strong>VII. Zmiana polityki bezpiecze\u0144stwa druk.bauer.pl<\/strong><\/div>\n<div><\/div>\n<div><a href=\"http:\/\/druk.bauer.pl\">druk.bauer.pl<\/a>\u00a0zastrzega sobie prawo zmiany polityki prywatno\u015bci, o ile b\u0119dzie wymaga\u0107 tego obowi\u0105zuj\u0105ce prawo, ulegn\u0105 zmianie warunki technologiczne funkcjonowania\u00a0<a href=\"http:\/\/druk.bauer.pl\">druk.bauer.pl<\/a>\u00a0lub zmiana b\u0119dzie wprowadza\u0107 standard wy\u017cszy od minimum wymaganego prawem.<\/div>\n<div><\/div>\n<div>Aktualny tekst polityki prywatno\u015bci zawsze znajduje si\u0119 pod adresem <a href=\"http:\/\/reklama.bauer.pl\/polityka-prywatnosci\">http:\/\/druk.bauer.pl\/polityka-prywatnosci<\/a><\/div>\n<div><\/div>\n<div><strong>VIII. Kontakt<\/strong><\/div>\n<div><\/div>\n<div><a href=\"http:\/\/druk.bauer.pl\">druk.bauer.pl<\/a>\u00a0kontaktuje si\u0119 z Tob\u0105 korzystaj\u0105c z podanego e-maila.<\/div>\n<div><\/div>\n<div>W przypadku jakichkolwiek pyta\u0144 lub w\u0105tpliwo\u015bci co do polityki prywatno\u015bci i bezpiecze\u0144stwa Twoich danych osobowych zach\u0119camy do kontaktu\u00a0\u00a0e-mail <a href=\"http:\/\/kontakt@bauer.pl\">kontakt@bauer.pl<\/a><\/div>\n<div><\/div>\n<div>W przypadku ch\u0119ci aktualizacji lub usuni\u0119cia Twoich danych osobowych, o ile nie mo\u017cesz lub nie chcesz zrobi\u0107 tego samodzielnie, prosimy o kontakt e-mail\u00a0<a href=\"http:\/\/kontakt@bauer.pl\">kontakt@bauer.pl<\/a><\/div>\n<div><\/div>\n<div>W powy\u017cszych sprawach mo\u017cna r\u00f3wnie\u017c korespondowa\u0107 z nami pod adresem:<\/div>\n<div>Wydawnictwo Bauer Sp. z o.o., Sp. j.<\/div>\n<div>ul. Motorowa 1<\/div>\n<div>04-035 Warszawa<\/div>\n<div><\/div>\n<div><strong>Warszawa, 07.11.2013<\/strong><\/div>\n<p><\/p>","protected":false},"excerpt":{"rendered":"<p>Polityka prywatno\u015bci druk.bauer.pl Podanie danych osobowych, a tak\u017ce zgoda na ich przetwarzanie s\u0105 ca\u0142kowicie dobrowolne. Wszelkie przekazane nam dane osobowe s\u0105 przetwarzane wy\u0142\u0105cznie w zakresie i celu, na jaki wyrazi\u0142e\u015b zgod\u0119. W przypadku, gdy postanowisz jednak nie podawa\u0107 nam danych i nie wyrazisz zgody na ich przetwarzanie, niestety nie b\u0119dziemy mogli Ci zagwarantowa\u0107 dost\u0119pu do [&hellip;]<\/p>\n","protected":false},"author":1,"featured_media":0,"parent":0,"menu_order":0,"comment_status":"closed","ping_status":"closed","template":"","meta":{"_acf_changed":false,"inline_featured_image":false,"footnotes":""},"class_list":["post-30","page","type-page","status-publish","hentry"],"acf":[],"_links":{"self":[{"href":"https:\/\/druk.bauer.pl\/de\/wp-json\/wp\/v2\/pages\/30","targetHints":{"allow":["GET"]}}],"collection":[{"href":"https:\/\/druk.bauer.pl\/de\/wp-json\/wp\/v2\/pages"}],"about":[{"href":"https:\/\/druk.bauer.pl\/de\/wp-json\/wp\/v2\/types\/page"}],"author":[{"embeddable":true,"href":"https:\/\/druk.bauer.pl\/de\/wp-json\/wp\/v2\/users\/1"}],"replies":[{"embeddable":true,"href":"https:\/\/druk.bauer.pl\/de\/wp-json\/wp\/v2\/comments?post=30"}],"version-history":[{"count":5,"href":"https:\/\/druk.bauer.pl\/de\/wp-json\/wp\/v2\/pages\/30\/revisions"}],"predecessor-version":[{"id":150,"href":"https:\/\/druk.bauer.pl\/de\/wp-json\/wp\/v2\/pages\/30\/revisions\/150"}],"wp:attachment":[{"href":"https:\/\/druk.bauer.pl\/de\/wp-json\/wp\/v2\/media?parent=30"}],"curies":[{"name":"wp","href":"https:\/\/api.w.org\/{rel}","templated":true}]}}