{"id":5,"date":"2019-07-17T15:25:07","date_gmt":"2019-07-17T13:25:07","guid":{"rendered":"http:\/\/druk.bauer.pl\/?page_id=5"},"modified":"2023-12-21T11:37:43","modified_gmt":"2023-12-21T10:37:43","slug":"o-nas","status":"publish","type":"page","link":"https:\/\/druk.bauer.pl\/de\/o-nas\/","title":{"rendered":"\u00dcber uns"},"content":{"rendered":"<p><strong>Die Tradition unseres\u00a0 Unternehmens z\u00e4hlt\u00a0 \u00fcber 130 Jahre<\/strong><strong>. Unser Mutterhaus\u00a0 &#8211; die weltweit agierende Bauer Media Group &#8211; geh\u00f6rt zu den gr\u00f6\u00dften\u00a0<\/strong><strong>Multimediakonzernen<\/strong><strong>\u00a0in Europa und liefert Millionen von Menschen Information und Unterhaltung.<\/strong><\/p>\n<p>Eine gro\u00dfe Bedeutung f\u00fcr unsere polygraphischen Aktivit\u00e4ten hat\u00a0<strong>Wydawnictwo Bauer \u2013 der gr\u00f6\u00dfte Polnische Zeitschriftenverleger<\/strong>\u00a0\u2013 welcher auf eine \u00a0f\u00fcnfundzwanzigj\u00e4hrige Marktf\u00fchrerschaft auf dem Zeitschriftenmarkt in Polen zur\u00fcckblicken kann. Die\u00a0<strong>mehrj\u00e4hrige Erfahrung seiner Mitarbeiter und F\u00fchrungskr\u00e4fte<\/strong>\u00a0in allen mit der Druckproduktion, Logistik und Kundenbetreuung zusammenh\u00e4ngenden Bereichen bildet einen wichtigen R\u00fcckhalt unserer T\u00e4tigkeit.<\/p>\n<p>Bauer Media Polska umfasst jedoch nicht nur den Verlag und die Druckereien.<\/p>\n<p>Zu der Gruppe geh\u00f6ren auch\u00a0<strong>der gr\u00f6\u00dfte landesweite Rundfunksender Polens RMF, das Web-portal Interia.pl, sowie mehrere auf E-commerce spezialisierte Firmen wie\u00a0Artefakt und Sunrise System.<\/strong><\/p>","protected":false},"excerpt":{"rendered":"<p>Die Tradition unseres\u00a0 Unternehmens z\u00e4hlt\u00a0 \u00fcber 130 Jahre. Unser Mutterhaus\u00a0 &#8211; die weltweit agierende Bauer Media Group &#8211; geh\u00f6rt zu den gr\u00f6\u00dften\u00a0Multimediakonzernen\u00a0in Europa und liefert Millionen von Menschen Information und Unterhaltung. Eine gro\u00dfe Bedeutung f\u00fcr unsere polygraphischen Aktivit\u00e4ten hat\u00a0Wydawnictwo Bauer \u2013 der gr\u00f6\u00dfte Polnische Zeitschriftenverleger\u00a0\u2013 welcher auf eine \u00a0f\u00fcnfundzwanzigj\u00e4hrige Marktf\u00fchrerschaft auf dem Zeitschriftenmarkt in Polen [&hellip;]<\/p>\n","protected":false},"author":1,"featured_media":0,"parent":0,"menu_order":0,"comment_status":"closed","ping_status":"closed","template":"","meta":{"_acf_changed":false,"inline_featured_image":false,"footnotes":""},"class_list":["post-5","page","type-page","status-publish","hentry"],"acf":[],"_links":{"self":[{"href":"https:\/\/druk.bauer.pl\/de\/wp-json\/wp\/v2\/pages\/5","targetHints":{"allow":["GET"]}}],"collection":[{"href":"https:\/\/druk.bauer.pl\/de\/wp-json\/wp\/v2\/pages"}],"about":[{"href":"https:\/\/druk.bauer.pl\/de\/wp-json\/wp\/v2\/types\/page"}],"author":[{"embeddable":true,"href":"https:\/\/druk.bauer.pl\/de\/wp-json\/wp\/v2\/users\/1"}],"replies":[{"embeddable":true,"href":"https:\/\/druk.bauer.pl\/de\/wp-json\/wp\/v2\/comments?post=5"}],"version-history":[{"count":5,"href":"https:\/\/druk.bauer.pl\/de\/wp-json\/wp\/v2\/pages\/5\/revisions"}],"predecessor-version":[{"id":226,"href":"https:\/\/druk.bauer.pl\/de\/wp-json\/wp\/v2\/pages\/5\/revisions\/226"}],"wp:attachment":[{"href":"https:\/\/druk.bauer.pl\/de\/wp-json\/wp\/v2\/media?parent=5"}],"curies":[{"name":"wp","href":"https:\/\/api.w.org\/{rel}","templated":true}]}}