{"id":8,"date":"2019-07-17T15:39:19","date_gmt":"2019-07-17T13:39:19","guid":{"rendered":"http:\/\/druk.bauer.pl\/?page_id=8"},"modified":"2025-10-20T12:34:57","modified_gmt":"2025-10-20T10:34:57","slug":"klienci","status":"publish","type":"page","link":"https:\/\/druk.bauer.pl\/de\/klienci\/","title":{"rendered":"Kunden"},"content":{"rendered":"<p><\/p>\n<div class=\"row\">\n<div class=\"col-xs-12 col-md-3\">\n<p><img decoding=\"async\" class=\"alignnone size-full wp-image-39\" src=\"http:\/\/druk.bauer.pl\/wp-content\/uploads\/2019\/07\/ODAweDYwMAimg_0472.jpg\" alt=\"\" \/><img decoding=\"async\" class=\"alignnone size-medium wp-image-40\" src=\"http:\/\/druk.bauer.pl\/wp-content\/uploads\/2019\/07\/ODAweDYwMAimg_0408-300x200.jpg\" alt=\"\" \/><\/p>\n<p><img decoding=\"async\" class=\"alignnone size-medium wp-image-41\" src=\"http:\/\/druk.bauer.pl\/wp-content\/uploads\/2019\/07\/ODAweDYwMAdo-ewent.-wykorzyst.-2-300x200.jpg\" alt=\"\" \/><\/p>\n<\/div>\n<div class=\"col-xs-12 col-md-9\">\n<p>Unsere beiden Druckbetriebe fertigen \u00fcber 80 regelm\u00e4\u00dfig erscheinende Zeitschriften (zumeist w\u00f6chentlich erscheinende Titel).<\/p>\n<p><strong>Die bei uns gedruckten Magazine<\/strong>\u00a0erscheinen in vielen L\u00e4ndern Europas: in Polen, Deutschland, Gro\u00dfbritannien und Frankreich.<\/p>\n<p>Unsere\u00a0<strong>individuelle Behandlung<\/strong>\u00a0eines jeden Kunden gew\u00e4hrleistet eine Produktionsabwicklung, die strikt ihren Erwartungen sowohl in Hinblick auf die Qualit\u00e4t als auch auf die gesch\u00e4ftlichen Belange entspricht. Die Druckereien arbeiten fortgesetzt mit einer\u00a0<strong>zentralen Standarisierungsabteilung polygraphischer Prozesse<\/strong>\u00a0zusammen, welche f\u00fcr die hohe und einheitliche Qualit\u00e4t in den beiden Betrieben verantwortlich ist.<\/p>\n<p>Unseren Kundenstamm bilden Verlage, Versandh\u00e4user und Handelsketten, welche die Vermarktung ihrer Dienstleistungen und Produkte durch Druckerzeugnisse sehr zu sch\u00e4tzen wissen, da sie diese als die wirkungsvollste Form des Zugangs zum Endkunden sowie der Verkaufsunterst\u00fctzung erachten.<\/p>\n<p>Unsere Druckereien stellen viele verschiedenartige Ver\u00f6ffentlichungen her, angefangen mit gehefteten 12-seitigen Werbebeilagen bis hin zu gro\u00dfen, mehrhundertseitigen Versandkatalogen mit Klebebindung am R\u00fccken.<\/p>\n<p>In all diesen F\u00e4llen beweist das\u00a0<strong>Tiefdruckverfahren<\/strong>\u00a0seine Vorteile:<\/p>\n<ul>\n<li><strong>Produktionsgeschwindigkeit<\/strong>, die dank moderner Technologie eine sehr hohe Druckqualit\u00e4t erm\u00f6glicht<\/li>\n<li><strong>Mehrnutzen- Produktion<\/strong>, die sich beachtlich auf eine Verk\u00fcrzung der Druckzeit auswirkt<\/li>\n<li>eine sehr\u00a0<strong>hohe Effizienz<\/strong>, welche es erm\u00f6glicht, dass aus einer Druckzylinderumdrehung bis zu 192 Zeitschriften- oder Katalogseiten ausgedruckt werden k\u00f6nnen,<\/li>\n<li><strong>perfekte Druckqualit\u00e4t,<\/strong><\/li>\n<li><strong>konkurrenzf\u00e4hige Preise.<\/strong><\/li>\n<\/ul>\n<p>Diese Vorteile in Verbindung mit der g\u00fcnstigen geographischen Lage unserer Druckstandorte gew\u00e4hrleisten den Kunden mit ihrem Angebot und Auskunft ein schnelles Erreichen eines jeden Ortes im In- und Ausland, was uns zu einem wertvollen Partner f\u00fcr viele Handelsketten und Versandh\u00e4user in Europa macht.<\/p>\n<p>&nbsp;<\/p>\n<p><strong>ES HABEN UNS VERTRAUT<\/strong><\/p>\n<p>Zum Kreise unserer gr\u00f6\u00dften und treuesten Kunden z\u00e4hlen so intentional bekannte Firmen wie etwa\u00a0<strong>Bader, Bon Prix, IKEA, Intermarche, OTTO, Witt, REAL.<\/strong><\/p>\n<p>Wir drucken auch viele der in Polen und im Ausland beliebtesten Zeitschriften u.a.: Tele Tydzie\u0144 (das Magazin mit der h\u00f6chsten Verkaufsauflage), die monatlichen Ratgebermonatszeitschriften (\u015awiat Kobiety, Olivia, Kobieta i \u017bycie), die Frauenmagazine des Premiumsegments (Tw\u00f3j Styl, Grazia, Pani, Cosmopolitan, Joy), als auch Computerzeitschriften (CD Action), oder auch popul\u00e4re Autozeitschriften (Auto Moto und Motor).<\/p>\n<p><strong>Ihnen allen danken wir f\u00fcr ihr Vertrauen!<\/strong><\/p>\n<\/div>\n<\/div>\n<p><\/p>","protected":false},"excerpt":{"rendered":"<p>Unsere beiden Druckbetriebe fertigen \u00fcber 80 regelm\u00e4\u00dfig erscheinende Zeitschriften (zumeist w\u00f6chentlich erscheinende Titel). Die bei uns gedruckten Magazine\u00a0erscheinen in vielen L\u00e4ndern Europas: in Polen, Deutschland, Gro\u00dfbritannien und Frankreich. Unsere\u00a0individuelle Behandlung\u00a0eines jeden Kunden gew\u00e4hrleistet eine Produktionsabwicklung, die strikt ihren Erwartungen sowohl in Hinblick auf die Qualit\u00e4t als auch auf die gesch\u00e4ftlichen Belange entspricht. Die Druckereien arbeiten [&hellip;]<\/p>\n","protected":false},"author":1,"featured_media":190,"parent":0,"menu_order":0,"comment_status":"closed","ping_status":"closed","template":"","meta":{"_acf_changed":false,"inline_featured_image":false,"footnotes":""},"class_list":["post-8","page","type-page","status-publish","has-post-thumbnail","hentry"],"acf":[],"_links":{"self":[{"href":"https:\/\/druk.bauer.pl\/de\/wp-json\/wp\/v2\/pages\/8","targetHints":{"allow":["GET"]}}],"collection":[{"href":"https:\/\/druk.bauer.pl\/de\/wp-json\/wp\/v2\/pages"}],"about":[{"href":"https:\/\/druk.bauer.pl\/de\/wp-json\/wp\/v2\/types\/page"}],"author":[{"embeddable":true,"href":"https:\/\/druk.bauer.pl\/de\/wp-json\/wp\/v2\/users\/1"}],"replies":[{"embeddable":true,"href":"https:\/\/druk.bauer.pl\/de\/wp-json\/wp\/v2\/comments?post=8"}],"version-history":[{"count":5,"href":"https:\/\/druk.bauer.pl\/de\/wp-json\/wp\/v2\/pages\/8\/revisions"}],"predecessor-version":[{"id":278,"href":"https:\/\/druk.bauer.pl\/de\/wp-json\/wp\/v2\/pages\/8\/revisions\/278"}],"wp:featuredmedia":[{"embeddable":true,"href":"https:\/\/druk.bauer.pl\/de\/wp-json\/wp\/v2\/media\/190"}],"wp:attachment":[{"href":"https:\/\/druk.bauer.pl\/de\/wp-json\/wp\/v2\/media?parent=8"}],"curies":[{"name":"wp","href":"https:\/\/api.w.org\/{rel}","templated":true}]}}